{"id":554,"date":"2025-11-14T09:35:00","date_gmt":"2025-11-14T09:35:00","guid":{"rendered":"https:\/\/lerani.com\/wp\/contact\/"},"modified":"2025-11-22T17:18:03","modified_gmt":"2025-11-22T17:18:03","slug":"contact","status":"publish","type":"page","link":"https:\/\/lerani.com\/wp\/contact\/","title":{"rendered":"Contact"},"content":{"rendered":"\n\n\n\n\n\n\n\n\n<h6><span style=\"font-weight: normal;\">www.lerani.com<\/span><\/h6>\n\n\n\n\n\n\n\n<h3>Na kontaktoni<\/h3>\n<p style=\"text-align: center;\"><span style=\"color: rgb(119, 119, 119); font-family: Poppins, Arial, sans-serif;\">N\u00ebse keni ndonj\u00eb pyetje a po paqart\u00ebsi na shkruani mos ngurroni!<\/span><\/p>\n\n\n\n\n\n\n\n\n\n\n\n\n\nB\n\n\n","protected":false},"excerpt":{"rendered":"","protected":false},"author":1,"featured_media":0,"parent":0,"menu_order":0,"comment_status":"closed","ping_status":"closed","template":"","meta":{"pagelayer_contact_templates":{"KhUc77iE":{"cont_subject":"Contact Page Form","cont_header":"$name, $email, $message","cont_use_html":"true"}},"_pagelayer_content":"","footnotes":""},"class_list":["post-554","page","type-page","status-publish","hentry"],"brizy_media":[],"_links":{"self":[{"href":"https:\/\/lerani.com\/wp\/wp-json\/wp\/v2\/pages\/554","targetHints":{"allow":["GET"]}}],"collection":[{"href":"https:\/\/lerani.com\/wp\/wp-json\/wp\/v2\/pages"}],"about":[{"href":"https:\/\/lerani.com\/wp\/wp-json\/wp\/v2\/types\/page"}],"author":[{"embeddable":true,"href":"https:\/\/lerani.com\/wp\/wp-json\/wp\/v2\/users\/1"}],"replies":[{"embeddable":true,"href":"https:\/\/lerani.com\/wp\/wp-json\/wp\/v2\/comments?post=554"}],"version-history":[{"count":6,"href":"https:\/\/lerani.com\/wp\/wp-json\/wp\/v2\/pages\/554\/revisions"}],"predecessor-version":[{"id":943,"href":"https:\/\/lerani.com\/wp\/wp-json\/wp\/v2\/pages\/554\/revisions\/943"}],"wp:attachment":[{"href":"https:\/\/lerani.com\/wp\/wp-json\/wp\/v2\/media?parent=554"}],"curies":[{"name":"wp","href":"https:\/\/api.w.org\/{rel}","templated":true}]}}